{"id":1074,"date":"2020-12-14T10:58:59","date_gmt":"2020-12-14T10:58:59","guid":{"rendered":"https:\/\/www.chaletdelgolf.com\/index.php\/newsletter-2\/"},"modified":"2026-02-23T12:41:03","modified_gmt":"2026-02-23T12:41:03","slug":"newsletter-2","status":"publish","type":"page","link":"https:\/\/www.canclotas.com\/fr\/newsletter-2\/","title":{"rendered":"Bulletin"},"content":{"rendered":"<div data-elementor-type=\"wp-page\" data-elementor-id=\"1074\" class=\"elementor elementor-1074\" data-elementor-post-type=\"page\">\n\t\t\t\t\t\t<section class=\"elementor-section elementor-top-section elementor-element elementor-element-9d51d86 elementor-section-boxed elementor-section-height-default elementor-section-height-default\" data-id=\"9d51d86\" data-element_type=\"section\" data-e-type=\"section\">\n\t\t\t\t\t\t<div class=\"elementor-container elementor-column-gap-default\">\n\t\t\t\t\t<div class=\"elementor-column elementor-col-100 elementor-top-column elementor-element elementor-element-9681975\" data-id=\"9681975\" data-element_type=\"column\" data-e-type=\"column\">\n\t\t\t<div class=\"elementor-widget-wrap elementor-element-populated\">\n\t\t\t\t\t\t<div class=\"elementor-element elementor-element-a0d32ef elementor-widget elementor-widget-heading\" data-id=\"a0d32ef\" data-element_type=\"widget\" data-e-type=\"widget\" data-widget_type=\"heading.default\">\n\t\t\t\t<div class=\"elementor-widget-container\">\n\t\t\t\t\t<h1 class=\"elementor-heading-title elementor-size-default\">Abonnez-vous \u00e0 notre newsletter<\/h1>\t\t\t\t<\/div>\n\t\t\t\t<\/div>\n\t\t\t\t\t<\/div>\n\t\t<\/div>\n\t\t\t\t\t<\/div>\n\t\t<\/section>\n\t\t\t\t<section class=\"elementor-section elementor-top-section elementor-element elementor-element-1f22fd70 elementor-section-boxed elementor-section-height-default elementor-section-height-default\" data-id=\"1f22fd70\" data-element_type=\"section\" data-e-type=\"section\">\n\t\t\t\t\t\t<div class=\"elementor-container elementor-column-gap-default\">\n\t\t\t\t\t<div class=\"elementor-column elementor-col-100 elementor-top-column elementor-element elementor-element-f11bcb5\" data-id=\"f11bcb5\" data-element_type=\"column\" data-e-type=\"column\">\n\t\t\t<div class=\"elementor-widget-wrap elementor-element-populated\">\n\t\t\t\t\t\t<div class=\"elementor-element elementor-element-410a3faa elementor-widget elementor-widget-text-editor\" data-id=\"410a3faa\" data-element_type=\"widget\" data-e-type=\"widget\" data-widget_type=\"text-editor.default\">\n\t\t\t\t<div class=\"elementor-widget-container\">\n\t\t\t\t\t\t\t\t\t<p><div class=\"tnp tnp-subscription\">\n<form method=\"post\" action=\"https:\/\/www.canclotas.com\/wp-admin\/admin-ajax.php?action=tnp&amp;na=s\">\n<input type=\"hidden\" name=\"nlang\" value=\"\">\n<div class=\"tnp-field tnp-field-firstname\"><label for=\"tnp-1\">Pr\u00e9nom ou nom complet<\/label>\n<input class=\"tnp-name\" type=\"text\" name=\"nn\" id=\"tnp-1\" value=\"\" placeholder=\"\"><\/div>\n<div class=\"tnp-field tnp-field-email\"><label for=\"tnp-2\">E-mail<\/label>\n<input class=\"tnp-email\" type=\"email\" name=\"ne\" id=\"tnp-2\" value=\"\" placeholder=\"\" required><\/div>\n<div class=\"tnp-field tnp-privacy-field\"><label><input type=\"checkbox\" name=\"ny\" required class=\"tnp-privacy\"> En continuant, vous acceptez la politique de confidentialit\u00e9<\/label><\/div><div class=\"tnp-field tnp-field-button\" style=\"text-align: left\"><input class=\"tnp-submit\" type=\"submit\" value=\"S&#039;abonner\" style=\"\">\n<\/div>\n<\/form>\n<\/div>\n<\/p>\t\t\t\t\t\t\t\t<\/div>\n\t\t\t\t<\/div>\n\t\t\t\t\t<\/div>\n\t\t<\/div>\n\t\t\t\t\t<\/div>\n\t\t<\/section>\n\t\t\t\t<\/div>","protected":false},"excerpt":{"rendered":"<p>Abonnez-vous \u00e0 notre newsletter<\/p>","protected":false},"author":1,"featured_media":0,"parent":0,"menu_order":0,"comment_status":"closed","ping_status":"closed","template":"","meta":{"footnotes":""},"class_list":["post-1074","page","type-page","status-publish","hentry"],"yoast_head":"<!-- This site is optimized with the Yoast SEO plugin v27.1.1 - https:\/\/yoast.com\/product\/yoast-seo-wordpress\/ -->\n<title>Suscribete a nuestro Newsletter<\/title>\n<meta name=\"description\" content=\"Suscr\u00edbete a la newsletter de Can Clotas y recibe novedades, ofertas y planes para tu pr\u00f3xima escapada en el Alt Empord\u00e0.\" \/>\n<meta name=\"robots\" content=\"index, follow, max-snippet:-1, max-image-preview:large, max-video-preview:-1\" \/>\n<link rel=\"canonical\" href=\"https:\/\/www.canclotas.com\/fr\/wp-json\/wp\/v2\/pages\/1074\" \/>\n<meta property=\"og:locale\" content=\"fr_FR\" \/>\n<meta property=\"og:type\" content=\"article\" \/>\n<meta property=\"og:title\" content=\"Suscribete a nuestro Newsletter\" \/>\n<meta property=\"og:description\" content=\"Suscr\u00edbete a la newsletter de Can Clotas y recibe novedades, ofertas y planes para tu pr\u00f3xima escapada en el Alt Empord\u00e0.\" \/>\n<meta property=\"og:url\" content=\"https:\/\/www.canclotas.com\/fr\/newsletter-2\/\" \/>\n<meta property=\"og:site_name\" content=\"Hotel Masia Can Clotas\" \/>\n<meta property=\"article:publisher\" content=\"https:\/\/www.facebook.com\/HotelMasiaCanClotas\/\" \/>\n<meta property=\"article:modified_time\" content=\"2026-02-23T12:41:03+00:00\" \/>\n<meta property=\"og:image\" content=\"https:\/\/www.canclotas.com\/wp-content\/uploads\/2024\/03\/137-Can-Clotas.jpg\" \/>\n\t<meta property=\"og:image:width\" content=\"1152\" \/>\n\t<meta property=\"og:image:height\" content=\"768\" \/>\n\t<meta property=\"og:image:type\" content=\"image\/jpeg\" \/>\n<meta name=\"twitter:card\" content=\"summary_large_image\" \/>\n<meta name=\"twitter:label1\" content=\"Dur\u00e9e de lecture estim\u00e9e\" \/>\n\t<meta name=\"twitter:data1\" content=\"1 minute\" \/>\n<script type=\"application\/ld+json\" class=\"yoast-schema-graph\">{\"@context\":\"https:\/\/schema.org\",\"@graph\":[{\"@type\":\"WebPage\",\"@id\":\"https:\/\/www.canclotas.com\/newsletter-2\/\",\"url\":\"https:\/\/www.canclotas.com\/newsletter-2\/\",\"name\":\"Suscribete a nuestro Newsletter\",\"isPartOf\":{\"@id\":\"https:\/\/www.canclotas.com\/#website\"},\"datePublished\":\"2020-12-14T10:58:59+00:00\",\"dateModified\":\"2026-02-23T12:41:03+00:00\",\"description\":\"Suscr\u00edbete a la newsletter de Can Clotas y recibe novedades, ofertas y planes para tu pr\u00f3xima escapada en el Alt Empord\u00e0.\",\"breadcrumb\":{\"@id\":\"https:\/\/www.canclotas.com\/newsletter-2\/#breadcrumb\"},\"inLanguage\":\"fr-FR\",\"potentialAction\":[{\"@type\":\"ReadAction\",\"target\":[\"https:\/\/www.canclotas.com\/newsletter-2\/\"]}]},{\"@type\":\"BreadcrumbList\",\"@id\":\"https:\/\/www.canclotas.com\/newsletter-2\/#breadcrumb\",\"itemListElement\":[{\"@type\":\"ListItem\",\"position\":1,\"name\":\"Portada\",\"item\":\"https:\/\/www.canclotas.com\/\"},{\"@type\":\"ListItem\",\"position\":2,\"name\":\"Newsletter\"}]},{\"@type\":\"WebSite\",\"@id\":\"https:\/\/www.canclotas.com\/#website\",\"url\":\"https:\/\/www.canclotas.com\/\",\"name\":\"Hotel Masia Can Clotas\",\"description\":\"Can Clotas es una antigua masia catalana que data del siglo XIV, convertida en Hotel Masia y situada en Cistella, Figueres (Alt Emporda), Girona.\",\"publisher\":{\"@id\":\"https:\/\/www.canclotas.com\/#organization\"},\"potentialAction\":[{\"@type\":\"SearchAction\",\"target\":{\"@type\":\"EntryPoint\",\"urlTemplate\":\"https:\/\/www.canclotas.com\/?s={search_term_string}\"},\"query-input\":{\"@type\":\"PropertyValueSpecification\",\"valueRequired\":true,\"valueName\":\"search_term_string\"}}],\"inLanguage\":\"fr-FR\"},{\"@type\":\"Organization\",\"@id\":\"https:\/\/www.canclotas.com\/#organization\",\"name\":\"Hotel Masia Can Clotas\",\"url\":\"https:\/\/www.canclotas.com\/\",\"logo\":{\"@type\":\"ImageObject\",\"inLanguage\":\"fr-FR\",\"@id\":\"https:\/\/www.canclotas.com\/#\/schema\/logo\/image\/\",\"url\":\"https:\/\/www.canclotas.com\/wp-content\/uploads\/2023\/03\/logo-can-clotas2-06.jpg\",\"contentUrl\":\"https:\/\/www.canclotas.com\/wp-content\/uploads\/2023\/03\/logo-can-clotas2-06.jpg\",\"width\":625,\"height\":362,\"caption\":\"Hotel Masia Can Clotas\"},\"image\":{\"@id\":\"https:\/\/www.canclotas.com\/#\/schema\/logo\/image\/\"},\"sameAs\":[\"https:\/\/www.facebook.com\/HotelMasiaCanClotas\/\",\"https:\/\/www.instagram.com\/canclotas\/\"]}]}<\/script>\n<!-- \/ Yoast SEO plugin. -->","yoast_head_json":{"title":"Suscribete a nuestro Newsletter","description":"Suscr\u00edbete a la newsletter de Can Clotas y recibe novedades, ofertas y planes para tu pr\u00f3xima escapada en el Alt Empord\u00e0.","robots":{"index":"index","follow":"follow","max-snippet":"max-snippet:-1","max-image-preview":"max-image-preview:large","max-video-preview":"max-video-preview:-1"},"canonical":"https:\/\/www.canclotas.com\/fr\/wp-json\/wp\/v2\/pages\/1074","og_locale":"fr_FR","og_type":"article","og_title":"Suscribete a nuestro Newsletter","og_description":"Suscr\u00edbete a la newsletter de Can Clotas y recibe novedades, ofertas y planes para tu pr\u00f3xima escapada en el Alt Empord\u00e0.","og_url":"https:\/\/www.canclotas.com\/fr\/newsletter-2\/","og_site_name":"Hotel Masia Can Clotas","article_publisher":"https:\/\/www.facebook.com\/HotelMasiaCanClotas\/","article_modified_time":"2026-02-23T12:41:03+00:00","og_image":[{"width":1152,"height":768,"url":"https:\/\/www.canclotas.com\/wp-content\/uploads\/2024\/03\/137-Can-Clotas.jpg","type":"image\/jpeg"}],"twitter_card":"summary_large_image","twitter_misc":{"Dur\u00e9e de lecture estim\u00e9e":"1 minute"},"schema":{"@context":"https:\/\/schema.org","@graph":[{"@type":"WebPage","@id":"https:\/\/www.canclotas.com\/newsletter-2\/","url":"https:\/\/www.canclotas.com\/newsletter-2\/","name":"Suscribete a nuestro Newsletter","isPartOf":{"@id":"https:\/\/www.canclotas.com\/#website"},"datePublished":"2020-12-14T10:58:59+00:00","dateModified":"2026-02-23T12:41:03+00:00","description":"Suscr\u00edbete a la newsletter de Can Clotas y recibe novedades, ofertas y planes para tu pr\u00f3xima escapada en el Alt Empord\u00e0.","breadcrumb":{"@id":"https:\/\/www.canclotas.com\/newsletter-2\/#breadcrumb"},"inLanguage":"fr-FR","potentialAction":[{"@type":"ReadAction","target":["https:\/\/www.canclotas.com\/newsletter-2\/"]}]},{"@type":"BreadcrumbList","@id":"https:\/\/www.canclotas.com\/newsletter-2\/#breadcrumb","itemListElement":[{"@type":"ListItem","position":1,"name":"Portada","item":"https:\/\/www.canclotas.com\/"},{"@type":"ListItem","position":2,"name":"Newsletter"}]},{"@type":"WebSite","@id":"https:\/\/www.canclotas.com\/#website","url":"https:\/\/www.canclotas.com\/","name":"H\u00f4tel Masia Can Clotas","description":"Can Clotas est une ancienne ferme catalane datant du XIVe si\u00e8cle, transform\u00e9e en h\u00f4tel Masia et situ\u00e9e \u00e0 Cistella, Figueres (Alt Emporda), G\u00e9rone.","publisher":{"@id":"https:\/\/www.canclotas.com\/#organization"},"potentialAction":[{"@type":"SearchAction","target":{"@type":"EntryPoint","urlTemplate":"https:\/\/www.canclotas.com\/?s={search_term_string}"},"query-input":{"@type":"PropertyValueSpecification","valueRequired":true,"valueName":"search_term_string"}}],"inLanguage":"fr-FR"},{"@type":"Organization","@id":"https:\/\/www.canclotas.com\/#organization","name":"H\u00f4tel Masia Can Clotas","url":"https:\/\/www.canclotas.com\/","logo":{"@type":"ImageObject","inLanguage":"fr-FR","@id":"https:\/\/www.canclotas.com\/#\/schema\/logo\/image\/","url":"https:\/\/www.canclotas.com\/wp-content\/uploads\/2023\/03\/logo-can-clotas2-06.jpg","contentUrl":"https:\/\/www.canclotas.com\/wp-content\/uploads\/2023\/03\/logo-can-clotas2-06.jpg","width":625,"height":362,"caption":"Hotel Masia Can Clotas"},"image":{"@id":"https:\/\/www.canclotas.com\/#\/schema\/logo\/image\/"},"sameAs":["https:\/\/www.facebook.com\/HotelMasiaCanClotas\/","https:\/\/www.instagram.com\/canclotas\/"]}]}},"_links":{"self":[{"href":"https:\/\/www.canclotas.com\/fr\/wp-json\/wp\/v2\/pages\/1074","targetHints":{"allow":["GET"]}}],"collection":[{"href":"https:\/\/www.canclotas.com\/fr\/wp-json\/wp\/v2\/pages"}],"about":[{"href":"https:\/\/www.canclotas.com\/fr\/wp-json\/wp\/v2\/types\/page"}],"author":[{"embeddable":true,"href":"https:\/\/www.canclotas.com\/fr\/wp-json\/wp\/v2\/users\/1"}],"replies":[{"embeddable":true,"href":"https:\/\/www.canclotas.com\/fr\/wp-json\/wp\/v2\/comments?post=1074"}],"version-history":[{"count":12,"href":"https:\/\/www.canclotas.com\/fr\/wp-json\/wp\/v2\/pages\/1074\/revisions"}],"predecessor-version":[{"id":24488,"href":"https:\/\/www.canclotas.com\/fr\/wp-json\/wp\/v2\/pages\/1074\/revisions\/24488"}],"wp:attachment":[{"href":"https:\/\/www.canclotas.com\/fr\/wp-json\/wp\/v2\/media?parent=1074"}],"curies":[{"name":"wp","href":"https:\/\/api.w.org\/{rel}","templated":true}]}}