{"id":3,"date":"2020-12-10T13:01:20","date_gmt":"2020-12-10T13:01:20","guid":{"rendered":"https:\/\/www.chaletdelgolf.com\/?page_id=3"},"modified":"2026-02-23T12:36:57","modified_gmt":"2026-02-23T12:36:57","slug":"politica-de-privacidad","status":"publish","type":"page","link":"https:\/\/www.canclotas.com\/en\/politica-de-privacidad\/","title":{"rendered":"Privacy Policy"},"content":{"rendered":"<div data-elementor-type=\"wp-page\" data-elementor-id=\"3\" class=\"elementor elementor-3\" data-elementor-post-type=\"page\">\n\t\t\t\t\t\t<section class=\"elementor-section elementor-top-section elementor-element elementor-element-e3662c9 elementor-section-boxed elementor-section-height-default elementor-section-height-default\" data-id=\"e3662c9\" data-element_type=\"section\" data-e-type=\"section\">\n\t\t\t\t\t\t<div class=\"elementor-container elementor-column-gap-default\">\n\t\t\t\t\t<div class=\"elementor-column elementor-col-100 elementor-top-column elementor-element elementor-element-0bbe1a6\" data-id=\"0bbe1a6\" data-element_type=\"column\" data-e-type=\"column\">\n\t\t\t<div class=\"elementor-widget-wrap elementor-element-populated\">\n\t\t\t\t\t\t<div class=\"elementor-element elementor-element-d483ae7 elementor-widget elementor-widget-heading\" data-id=\"d483ae7\" data-element_type=\"widget\" data-e-type=\"widget\" data-widget_type=\"heading.default\">\n\t\t\t\t<div class=\"elementor-widget-container\">\n\t\t\t\t\t<h1 class=\"elementor-heading-title elementor-size-default\">PRIVACY POLICY<\/h1>\t\t\t\t<\/div>\n\t\t\t\t<\/div>\n\t\t\t\t\t<\/div>\n\t\t<\/div>\n\t\t\t\t\t<\/div>\n\t\t<\/section>\n\t\t\t\t<section class=\"elementor-section elementor-top-section elementor-element elementor-element-25741af elementor-section-boxed elementor-section-height-default elementor-section-height-default\" data-id=\"25741af\" data-element_type=\"section\" data-e-type=\"section\">\n\t\t\t\t\t\t<div class=\"elementor-container elementor-column-gap-default\">\n\t\t\t\t\t<div class=\"elementor-column elementor-col-100 elementor-top-column elementor-element elementor-element-74d07f13\" data-id=\"74d07f13\" data-element_type=\"column\" data-e-type=\"column\">\n\t\t\t<div class=\"elementor-widget-wrap elementor-element-populated\">\n\t\t\t\t\t\t<div class=\"elementor-element elementor-element-7b3209f4 elementor-widget elementor-widget-text-editor\" data-id=\"7b3209f4\" data-element_type=\"widget\" data-e-type=\"widget\" data-widget_type=\"text-editor.default\">\n\t\t\t\t<div class=\"elementor-widget-container\">\n\t\t\t\t\t\t\t\t\t<p><em>Updated February 2, 2023.<\/em><\/p><p><em>\u00a0<\/em><\/p><p>Before providing your personal data and, where appropriate, giving your consent for us to process it, it is recommended that you read and understand this data protection policy.<\/p><p>Information is provided below on certain personal data processing carried out by DONAMAR RESTAURACI\u00d3N, SL in accordance with the provisions of Regulation (EU) 679\/2016, regarding the protection of natural persons with regard to the processing of personal data and the free circulation of these data (RGPD) and LOPDGDD (Organic Law on Data Protection and Guarantee of Digital Rights).<\/p><p>Users are informed that their data will be treated confidentially for the purposes indicated in each case.<\/p><p>When accessing the different forms on the web, you must fill in the fields that are requested marked with an asterisk or as mandatory, this being a necessary requirement so that in each case we can process the request or provide the service requested.<\/p><p>Likewise, prior to registering and sending the form with your personal data, you must necessarily mark the <em>check box<\/em> provided for this purpose, meaning such action that you have read, understood the information on personal data and that you give your consent for the processing of your data when it is mandatory.<\/p><p>DONAMAR RESTAURACI\u00d3N, SL is not responsible for compliance with the data protection regulations of third-party owners of other portals to which websites can be linked through this portal or that may have established <em>links<\/em> to it, so the User is responsible for the personal data that may be provided.<\/p><p>In the event that you provide data from third parties, you guarantee under your responsibility that you have obtained their prior consent to communicate them to us for the purposes indicated and that you have informed them of the content of this information on data protection.<\/p><p><strong><em><u>WHO IS RESPONSIBLE FOR THE PROCESSING OF YOUR PERSONAL DATA?<\/u><\/em><\/strong><\/p><p><strong>\u00a0<\/strong><\/p><p><em>\u2013 Identity: DONAMAR RESTAURACI\u00d3N, SL CIF B10976090<\/em><\/p><p>\u2013<em> mailing address<\/em>: Masia Can Clotas, Ctra. GIP 5101, KM. 5 (GIRONA)<\/p><p>\u2013 Telephone: +34 630101063.<\/p><p>\u2013 co<em>email: <a href=\"mailto:info@canclotas.com\">info@canclotas.com<\/a><\/em><\/p><p><strong><em><u>\u00bf<\/u><\/em><\/strong><strong><em><u>FOR WHAT PURPOSES DO WE PROCESS YOUR PERSONAL DATA AND FOR HOW LONG WILL THEY BE KEPT?<\/u><\/em><\/strong><\/p><p><strong>\u00a0<\/strong><\/p><p>The data that we request and process may have different purposes and be stored for different periods of time:<\/p><p>When you fill out the reservation form, we request your name, surname, ID, email, telephone number, province, country where you reside, credit card details, in order to manage the contract for the provision of tourist accommodation services, which includes the management of the reservation, its invoicing, answering questions, complaints and claims.<\/p><p>In this case, the data will be kept until the purpose of the treatment has been achieved and during the limitation periods for claims and responsibilities according to civil, consumer and user, tax and data protection legislation regarding the prescription of claims and responsibilities.<\/p><p>We may also process your data (name, surname, address, email, telephone) to meet your requests for information and, when you consent, send you commercial communications about our services through any means, including electronic (newsletters), invite you to events that we can organize. . In this case, your data will be kept until you request the cessation of the activity and during the necessary periods of limitation of responsibilities according to the data protection legislation.<\/p><p><strong><em><u>WHAT IS THE LEGITIMATION FOR THE PROCESSING OF YOUR DATA?<\/u><\/em><\/strong><\/p><p>The legal basis for the processing of your data when you make a reservation for our accommodation is the execution of the contract for tourist accommodation services that we formalize in accordance with its terms and conditions.<\/p><p>The legal basis to be able to process your data to send you newsletters, commercial communications, attend to your requests for information, is the consent you give us.<\/p><p>When you have contracted our services and continue to be a client, the legitimacy to send you commercial communications about services similar to those contracted is legitimate interest.<\/p><p>You have the right to withdraw your consent at any time without affecting the legality of the treatment based on the consent prior to its withdrawal. The withdrawal of consent for this purpose will not condition the execution of the contract for tourist accommodation services.<\/p><p>At any time you may oppose the processing of your personal data for promotional purposes, and may send a letter to that effect to the following email address <a href=\"mailto:info@canclotas.com\">info@canclotas.com<\/a>\u00a0and we will cease to process your data for said purposes.<\/p><p><strong><em><u>WHO ARE THE RECIPIENTS OF THE PROCESSING OF YOUR DATA?<\/u><\/em><\/strong><\/p><p>The personal data that you provide us will not be transferred to third parties except in the cases provided by law.<\/p><p><strong><em><u>WHAT ARE YOUR RIGHTS WHEN YOU PROVIDE US WITH YOUR DATA?<\/u><\/em><\/strong><\/p><p>You have the right to obtain confirmation as to whether or not personal data concerning you is being processed and, in such a case, the right to access it.<\/p><p>You have the right to request the rectification of inaccurate data or, where appropriate, request its deletion when, among other reasons, the data is no longer necessary for the purposes for which it was collected.<\/p><p>In certain circumstances and for reasons related to your particular situation, you may object to the processing of your data.<\/p><p>In certain circumstances, you may request the limitation of the processing of your data, in which case we will only keep them for the exercise or defense of claims.<\/p><p>You will also have the right to portability in certain circumstances, receive the personal data that concerns you and that you have provided us in a structured format, commonly used and mechanical reading, and that they are transmitted to other data controllers when the state of the art allows it. .<\/p><p>For the effective exercise of the indicated rights, you must send a letter to that effect addressed to the person in charge, to the following address: HOTEL CAN CLOTAS) CIF B10976090, registered office at Masia Can Clotas, Ctra. GIP 5101, KM. 5 (GIRONA), with email <a href=\"mailto:info@canclotas.com\">info@canclotas.com<\/a> and telephone +34 630101063.<\/p><p>You must accompany a copy of the DNI, passport or other document that identifies you, except in the case that you use your electronic signature.<\/p><p>We will stop processing the data, except for compelling legitimate reasons, or the exercise or defense of possible claims.<\/p><p>Likewise, we inform you that you have the right to file a claim with a control authority such as the Spanish Agency for Data Protection, especially when you have not obtained satisfaction in the exercise of your rights, being able to contact it at address c. Jorge Juan, 6, -28002-Madrid-.<\/p><p>\u00a9 <em>All rights reserved<\/em>.<\/p>\t\t\t\t\t\t\t\t<\/div>\n\t\t\t\t<\/div>\n\t\t\t\t\t<\/div>\n\t\t<\/div>\n\t\t\t\t\t<\/div>\n\t\t<\/section>\n\t\t\t\t<\/div>","protected":false},"excerpt":{"rendered":"<p>POL\u00cdTICA DE PRIVACIDAD Actualizado a 2 de febrero de 2023. \u00a0 Antes de facilitar sus datos personales y en su caso prestar su consentimiento para que podamos tratarlos, se recomienda que lea y comprenda la presente pol\u00edtica de protecci\u00f3n de datos. A continuaci\u00f3n se facilita informaci\u00f3n sobre determinados tratamientos de datos personales que realiza DONAMAR [&hellip;]<\/p>\n","protected":false},"author":1,"featured_media":0,"parent":0,"menu_order":0,"comment_status":"closed","ping_status":"closed","template":"","meta":{"footnotes":""},"class_list":["post-3","page","type-page","status-publish","hentry"],"yoast_head":"<!-- This site is optimized with the Yoast SEO plugin v27.1.1 - https:\/\/yoast.com\/product\/yoast-seo-wordpress\/ -->\n<title>Pol\u00edtica de Privacidad - Hotel Masia Can Clotas<\/title>\n<meta name=\"description\" content=\"Consulta la pol\u00edtica de privacidad de Can Clotas: tratamiento de datos, finalidades, base legal, derechos y c\u00f3mo ejercerlos.\" \/>\n<meta name=\"robots\" content=\"index, follow, max-snippet:-1, max-image-preview:large, max-video-preview:-1\" \/>\n<link rel=\"canonical\" href=\"https:\/\/www.canclotas.com\/en\/wp-json\/wp\/v2\/pages\/3\" \/>\n<meta property=\"og:locale\" content=\"en_GB\" \/>\n<meta property=\"og:type\" content=\"article\" \/>\n<meta property=\"og:title\" content=\"Pol\u00edtica de Privacidad - Hotel Masia Can Clotas\" \/>\n<meta property=\"og:description\" content=\"Consulta la pol\u00edtica de privacidad de Can Clotas: tratamiento de datos, finalidades, base legal, derechos y c\u00f3mo ejercerlos.\" \/>\n<meta property=\"og:url\" content=\"https:\/\/www.canclotas.com\/en\/politica-de-privacidad\/\" \/>\n<meta property=\"og:site_name\" content=\"Hotel Masia Can Clotas\" \/>\n<meta property=\"article:publisher\" content=\"https:\/\/www.facebook.com\/HotelMasiaCanClotas\/\" \/>\n<meta property=\"article:modified_time\" content=\"2026-02-23T12:36:57+00:00\" \/>\n<meta property=\"og:image\" content=\"https:\/\/www.canclotas.com\/wp-content\/uploads\/2024\/03\/137-Can-Clotas.jpg\" \/>\n\t<meta property=\"og:image:width\" content=\"1152\" \/>\n\t<meta property=\"og:image:height\" content=\"768\" \/>\n\t<meta property=\"og:image:type\" content=\"image\/jpeg\" \/>\n<meta name=\"twitter:card\" content=\"summary_large_image\" \/>\n<meta name=\"twitter:label1\" content=\"Estimated reading time\" \/>\n\t<meta name=\"twitter:data1\" content=\"5 minutes\" \/>\n<script type=\"application\/ld+json\" class=\"yoast-schema-graph\">{\"@context\":\"https:\/\/schema.org\",\"@graph\":[{\"@type\":\"WebPage\",\"@id\":\"https:\/\/www.canclotas.com\/politica-de-privacidad\/\",\"url\":\"https:\/\/www.canclotas.com\/politica-de-privacidad\/\",\"name\":\"Pol\u00edtica de Privacidad - Hotel Masia Can Clotas\",\"isPartOf\":{\"@id\":\"https:\/\/www.canclotas.com\/#website\"},\"datePublished\":\"2020-12-10T13:01:20+00:00\",\"dateModified\":\"2026-02-23T12:36:57+00:00\",\"description\":\"Consulta la pol\u00edtica de privacidad de Can Clotas: tratamiento de datos, finalidades, base legal, derechos y c\u00f3mo ejercerlos.\",\"breadcrumb\":{\"@id\":\"https:\/\/www.canclotas.com\/politica-de-privacidad\/#breadcrumb\"},\"inLanguage\":\"en-GB\",\"potentialAction\":[{\"@type\":\"ReadAction\",\"target\":[\"https:\/\/www.canclotas.com\/politica-de-privacidad\/\"]}]},{\"@type\":\"BreadcrumbList\",\"@id\":\"https:\/\/www.canclotas.com\/politica-de-privacidad\/#breadcrumb\",\"itemListElement\":[{\"@type\":\"ListItem\",\"position\":1,\"name\":\"Portada\",\"item\":\"https:\/\/www.canclotas.com\/\"},{\"@type\":\"ListItem\",\"position\":2,\"name\":\"Pol\u00edtica de Privacidad\"}]},{\"@type\":\"WebSite\",\"@id\":\"https:\/\/www.canclotas.com\/#website\",\"url\":\"https:\/\/www.canclotas.com\/\",\"name\":\"Hotel Masia Can Clotas\",\"description\":\"Can Clotas es una antigua masia catalana que data del siglo XIV, convertida en Hotel Masia y situada en Cistella, Figueres (Alt Emporda), Girona.\",\"publisher\":{\"@id\":\"https:\/\/www.canclotas.com\/#organization\"},\"potentialAction\":[{\"@type\":\"SearchAction\",\"target\":{\"@type\":\"EntryPoint\",\"urlTemplate\":\"https:\/\/www.canclotas.com\/?s={search_term_string}\"},\"query-input\":{\"@type\":\"PropertyValueSpecification\",\"valueRequired\":true,\"valueName\":\"search_term_string\"}}],\"inLanguage\":\"en-GB\"},{\"@type\":\"Organization\",\"@id\":\"https:\/\/www.canclotas.com\/#organization\",\"name\":\"Hotel Masia Can Clotas\",\"url\":\"https:\/\/www.canclotas.com\/\",\"logo\":{\"@type\":\"ImageObject\",\"inLanguage\":\"en-GB\",\"@id\":\"https:\/\/www.canclotas.com\/#\/schema\/logo\/image\/\",\"url\":\"https:\/\/www.canclotas.com\/wp-content\/uploads\/2023\/03\/logo-can-clotas2-06.jpg\",\"contentUrl\":\"https:\/\/www.canclotas.com\/wp-content\/uploads\/2023\/03\/logo-can-clotas2-06.jpg\",\"width\":625,\"height\":362,\"caption\":\"Hotel Masia Can Clotas\"},\"image\":{\"@id\":\"https:\/\/www.canclotas.com\/#\/schema\/logo\/image\/\"},\"sameAs\":[\"https:\/\/www.facebook.com\/HotelMasiaCanClotas\/\",\"https:\/\/www.instagram.com\/canclotas\/\"]}]}<\/script>\n<!-- \/ Yoast SEO plugin. -->","yoast_head_json":{"title":"Pol\u00edtica de Privacidad - Hotel Masia Can Clotas","description":"Consulta la pol\u00edtica de privacidad de Can Clotas: tratamiento de datos, finalidades, base legal, derechos y c\u00f3mo ejercerlos.","robots":{"index":"index","follow":"follow","max-snippet":"max-snippet:-1","max-image-preview":"max-image-preview:large","max-video-preview":"max-video-preview:-1"},"canonical":"https:\/\/www.canclotas.com\/en\/wp-json\/wp\/v2\/pages\/3","og_locale":"en_GB","og_type":"article","og_title":"Pol\u00edtica de Privacidad - Hotel Masia Can Clotas","og_description":"Consulta la pol\u00edtica de privacidad de Can Clotas: tratamiento de datos, finalidades, base legal, derechos y c\u00f3mo ejercerlos.","og_url":"https:\/\/www.canclotas.com\/en\/politica-de-privacidad\/","og_site_name":"Hotel Masia Can Clotas","article_publisher":"https:\/\/www.facebook.com\/HotelMasiaCanClotas\/","article_modified_time":"2026-02-23T12:36:57+00:00","og_image":[{"width":1152,"height":768,"url":"https:\/\/www.canclotas.com\/wp-content\/uploads\/2024\/03\/137-Can-Clotas.jpg","type":"image\/jpeg"}],"twitter_card":"summary_large_image","twitter_misc":{"Estimated reading time":"5 minutes"},"schema":{"@context":"https:\/\/schema.org","@graph":[{"@type":"WebPage","@id":"https:\/\/www.canclotas.com\/politica-de-privacidad\/","url":"https:\/\/www.canclotas.com\/politica-de-privacidad\/","name":"Pol\u00edtica de Privacidad - Hotel Masia Can Clotas","isPartOf":{"@id":"https:\/\/www.canclotas.com\/#website"},"datePublished":"2020-12-10T13:01:20+00:00","dateModified":"2026-02-23T12:36:57+00:00","description":"Consulta la pol\u00edtica de privacidad de Can Clotas: tratamiento de datos, finalidades, base legal, derechos y c\u00f3mo ejercerlos.","breadcrumb":{"@id":"https:\/\/www.canclotas.com\/politica-de-privacidad\/#breadcrumb"},"inLanguage":"en-GB","potentialAction":[{"@type":"ReadAction","target":["https:\/\/www.canclotas.com\/politica-de-privacidad\/"]}]},{"@type":"BreadcrumbList","@id":"https:\/\/www.canclotas.com\/politica-de-privacidad\/#breadcrumb","itemListElement":[{"@type":"ListItem","position":1,"name":"Portada","item":"https:\/\/www.canclotas.com\/"},{"@type":"ListItem","position":2,"name":"Pol\u00edtica de Privacidad"}]},{"@type":"WebSite","@id":"https:\/\/www.canclotas.com\/#website","url":"https:\/\/www.canclotas.com\/","name":"Hotel Masia Can Clotas","description":"Can Clotas is an old Catalan farmhouse dating from the 14th century, converted into a Hotel Masia and located in Cistella, Figueres (Alt Emporda), Girona.","publisher":{"@id":"https:\/\/www.canclotas.com\/#organization"},"potentialAction":[{"@type":"SearchAction","target":{"@type":"EntryPoint","urlTemplate":"https:\/\/www.canclotas.com\/?s={search_term_string}"},"query-input":{"@type":"PropertyValueSpecification","valueRequired":true,"valueName":"search_term_string"}}],"inLanguage":"en-GB"},{"@type":"Organization","@id":"https:\/\/www.canclotas.com\/#organization","name":"Hotel Masia Can Clotas","url":"https:\/\/www.canclotas.com\/","logo":{"@type":"ImageObject","inLanguage":"en-GB","@id":"https:\/\/www.canclotas.com\/#\/schema\/logo\/image\/","url":"https:\/\/www.canclotas.com\/wp-content\/uploads\/2023\/03\/logo-can-clotas2-06.jpg","contentUrl":"https:\/\/www.canclotas.com\/wp-content\/uploads\/2023\/03\/logo-can-clotas2-06.jpg","width":625,"height":362,"caption":"Hotel Masia Can Clotas"},"image":{"@id":"https:\/\/www.canclotas.com\/#\/schema\/logo\/image\/"},"sameAs":["https:\/\/www.facebook.com\/HotelMasiaCanClotas\/","https:\/\/www.instagram.com\/canclotas\/"]}]}},"_links":{"self":[{"href":"https:\/\/www.canclotas.com\/en\/wp-json\/wp\/v2\/pages\/3","targetHints":{"allow":["GET"]}}],"collection":[{"href":"https:\/\/www.canclotas.com\/en\/wp-json\/wp\/v2\/pages"}],"about":[{"href":"https:\/\/www.canclotas.com\/en\/wp-json\/wp\/v2\/types\/page"}],"author":[{"embeddable":true,"href":"https:\/\/www.canclotas.com\/en\/wp-json\/wp\/v2\/users\/1"}],"replies":[{"embeddable":true,"href":"https:\/\/www.canclotas.com\/en\/wp-json\/wp\/v2\/comments?post=3"}],"version-history":[{"count":3,"href":"https:\/\/www.canclotas.com\/en\/wp-json\/wp\/v2\/pages\/3\/revisions"}],"predecessor-version":[{"id":20406,"href":"https:\/\/www.canclotas.com\/en\/wp-json\/wp\/v2\/pages\/3\/revisions\/20406"}],"wp:attachment":[{"href":"https:\/\/www.canclotas.com\/en\/wp-json\/wp\/v2\/media?parent=3"}],"curies":[{"name":"wp","href":"https:\/\/api.w.org\/{rel}","templated":true}]}}